{"id":16,"date":"2017-02-14T10:53:16","date_gmt":"2017-02-14T09:53:16","guid":{"rendered":"http:\/\/www.ordo-sancti-viti.hr\/?page_id=16"},"modified":"2017-02-23T17:40:44","modified_gmt":"2017-02-23T16:40:44","slug":"informacije","status":"publish","type":"page","link":"http:\/\/www.ordo-sancti-viti.hr\/index.php\/informacije\/","title":{"rendered":"\u010cime se bavimo?"},"content":{"rendered":"<ul>\n<li>Vite\u0161ki turnir<\/li>\n<li>Vite\u0161ke borbe<\/li>\n<li>Vite\u0161ku stra\u017eu<\/li>\n<li>Srednjovjekovne plesove<\/li>\n<li>Srednjovjekovni zanati<\/li>\n<li>Radionice<\/li>\n<li>Vojni logor<\/li>\n<\/ul>\n","protected":false},"excerpt":{"rendered":"<p>Vite\u0161ki turnir Vite\u0161ke borbe Vite\u0161ku stra\u017eu Srednjovjekovne plesove Srednjovjekovni zanati Radionice Vojni logor<\/p>\n","protected":false},"author":1,"featured_media":31,"parent":0,"menu_order":0,"comment_status":"closed","ping_status":"closed","template":"","meta":{"footnotes":""},"class_list":["post-16","page","type-page","status-publish","has-post-thumbnail","hentry"],"_links":{"self":[{"href":"http:\/\/www.ordo-sancti-viti.hr\/index.php\/wp-json\/wp\/v2\/pages\/16","targetHints":{"allow":["GET"]}}],"collection":[{"href":"http:\/\/www.ordo-sancti-viti.hr\/index.php\/wp-json\/wp\/v2\/pages"}],"about":[{"href":"http:\/\/www.ordo-sancti-viti.hr\/index.php\/wp-json\/wp\/v2\/types\/page"}],"author":[{"embeddable":true,"href":"http:\/\/www.ordo-sancti-viti.hr\/index.php\/wp-json\/wp\/v2\/users\/1"}],"replies":[{"embeddable":true,"href":"http:\/\/www.ordo-sancti-viti.hr\/index.php\/wp-json\/wp\/v2\/comments?post=16"}],"version-history":[{"count":4,"href":"http:\/\/www.ordo-sancti-viti.hr\/index.php\/wp-json\/wp\/v2\/pages\/16\/revisions"}],"predecessor-version":[{"id":145,"href":"http:\/\/www.ordo-sancti-viti.hr\/index.php\/wp-json\/wp\/v2\/pages\/16\/revisions\/145"}],"wp:featuredmedia":[{"embeddable":true,"href":"http:\/\/www.ordo-sancti-viti.hr\/index.php\/wp-json\/wp\/v2\/media\/31"}],"wp:attachment":[{"href":"http:\/\/www.ordo-sancti-viti.hr\/index.php\/wp-json\/wp\/v2\/media?parent=16"}],"curies":[{"name":"wp","href":"https:\/\/api.w.org\/{rel}","templated":true}]}}