{"id":15,"date":"2017-02-14T10:53:15","date_gmt":"2017-02-14T09:53:15","guid":{"rendered":"http:\/\/www.ordo-sancti-viti.hr\/?page_id=15"},"modified":"2017-02-23T17:34:55","modified_gmt":"2017-02-23T16:34:55","slug":"pocetna-stranica","status":"publish","type":"page","link":"http:\/\/www.ordo-sancti-viti.hr\/","title":{"rendered":"OSV"},"content":{"rendered":"<p>Udruga za o\u017eivljenu povijest \u201eOrdo Sancti Viti\u201c zapo\u010dela je s djelovanjem davne 2011. godine. Ime je odabrano u \u010dast svetcu za\u0161titniku grada Rijeke iz koje potje\u010demo, svetom Vidu.<\/p>\n<p>Bavimo se srednjovijekovnom o\u017eivljenom povije\u0161\u0107u kroz promoviranje tradicionalnih vite\u0161kih vrijednosti i vje\u0161tina, prou\u010davanjem i o\u017eivljavanjem povijesnih zanata, o\u010duvanjem starih obi\u010daja i vjerovanja te sudjelujemo na turnirima diljem hrvatske i Europe.<br \/>\nVremenski udruga o\u017eivljava period iz sredine 15. stolje\u0107a s podru\u010dja grada Rijeke, Kastva i okolice za vrijeme vladavine Matije Korvina. Tematski udruga se sastoji od vite\u0161kog reda, slobodnog gra\u0111anstva i obrtnika.<br \/>\nGrb udruge je orao na \u0161titu podijeljenom u \u010detiri polja osmi\u0161ljen po pravilima srednjovjekovne heraldike. Moto udruge je \u201eIgni Ferroque\u201c, odnosno \u201eOgnjem i ma\u010dem\u201c koji slu\u017ei kao upozorenje svim du\u0161manima.<\/p>\n","protected":false},"excerpt":{"rendered":"<p>Udruga za o\u017eivljenu povijest \u201eOrdo Sancti Viti\u201c zapo\u010dela je s djelovanjem davne 2011. godine. Ime je odabrano u \u010dast svetcu za\u0161titniku grada Rijeke iz koje potje\u010demo, svetom Vidu. Bavimo se srednjovijekovnom o\u017eivljenom povije\u0161\u0107u kroz promoviranje tradicionalnih vite\u0161kih vrijednosti i vje\u0161tina, prou\u010davanjem i o\u017eivljavanjem povijesnih zanata, o\u010duvanjem starih obi\u010daja i vjerovanja te sudjelujemo na turnirima diljem &hellip; <\/p>\n<p class=\"link-more\"><a href=\"http:\/\/www.ordo-sancti-viti.hr\/\" class=\"more-link\">Nastavi \u010ditati<span class=\"screen-reader-text\"> &#8220;OSV&#8221;<\/span><\/a><\/p>\n","protected":false},"author":1,"featured_media":0,"parent":0,"menu_order":0,"comment_status":"closed","ping_status":"closed","template":"","meta":{"footnotes":""},"class_list":["post-15","page","type-page","status-publish","hentry"],"_links":{"self":[{"href":"http:\/\/www.ordo-sancti-viti.hr\/index.php\/wp-json\/wp\/v2\/pages\/15","targetHints":{"allow":["GET"]}}],"collection":[{"href":"http:\/\/www.ordo-sancti-viti.hr\/index.php\/wp-json\/wp\/v2\/pages"}],"about":[{"href":"http:\/\/www.ordo-sancti-viti.hr\/index.php\/wp-json\/wp\/v2\/types\/page"}],"author":[{"embeddable":true,"href":"http:\/\/www.ordo-sancti-viti.hr\/index.php\/wp-json\/wp\/v2\/users\/1"}],"replies":[{"embeddable":true,"href":"http:\/\/www.ordo-sancti-viti.hr\/index.php\/wp-json\/wp\/v2\/comments?post=15"}],"version-history":[{"count":9,"href":"http:\/\/www.ordo-sancti-viti.hr\/index.php\/wp-json\/wp\/v2\/pages\/15\/revisions"}],"predecessor-version":[{"id":143,"href":"http:\/\/www.ordo-sancti-viti.hr\/index.php\/wp-json\/wp\/v2\/pages\/15\/revisions\/143"}],"wp:attachment":[{"href":"http:\/\/www.ordo-sancti-viti.hr\/index.php\/wp-json\/wp\/v2\/media?parent=15"}],"curies":[{"name":"wp","href":"https:\/\/api.w.org\/{rel}","templated":true}]}}